{"id":2467,"date":"2017-04-11T13:45:35","date_gmt":"2017-04-11T12:45:35","guid":{"rendered":"https:\/\/www.levensreis.nl\/?page_id=2467"},"modified":"2025-08-08T08:20:41","modified_gmt":"2025-08-08T07:20:41","slug":"jezuietenorde","status":"publish","type":"page","link":"https:\/\/www.levensreis.nl\/index.php\/jezuietenorde\/","title":{"rendered":"Jezu\u00efetenorde"},"content":{"rendered":"<p><span style=\"color: #000000;\">De Jezu\u00efeten sturen het Vaticaan en de Rooms-katholieke Kerk aan via de generaal-overste van de Jezu\u00efeten. Tot 2008 bekleedde de Nederlander Peter-Hans Kolvenbach die functie. Het Vaticaan is de \u2018spirituele heerser\u2019 over de Illuminati en de Nieuwe Wereldorde.<\/span><\/p>\n<p><span style=\"color: #000000;\">De zwarte paus controleert alle belangrijke beslissingen die de paus maakt; hij stuurt de Illuminati aan. De generaal van de jezu\u00efeten wordt ook wel \u201c<em>zwarte paus<\/em>\u201d genoemd.<\/span><br \/>\n<span style=\"color: #000000;\"> De \u201czwarte paus\u201d maakt praktisch de dienst uit binnen het Vaticaan en niet de reguliere paus. De ridders van Malta zijn tevens onder controle van de Jezu\u00efeten. Alle ellende van de afgelopen eeuwen is vrijwel altijd terug te lijden tot een zwarte paus.<\/span><\/p>\n<p><span style=\"color: #000000;\">De paus krijgt zijn orders van de zwarte paus omdat de Jezu\u00efeten ook de leiders zijn van de Nieuwe Wereldorde. Het is hun taak andere religies en overheden te infiltreren om zo \u00e9\u00e9n fascistische wereldregering en \u2013religie te vormen, die gebaseerd is op het satanisme en Lucifer.<\/span><\/p>\n<p><span style=\"color: #000000;\"><em>(afb. de voormalig zwarte Paus Peter-Hans Kolvenbach samen met de pedofiele voormalige Paus Joseph Ratzinger).<\/em><\/span><\/p>\n<p><span style=\"color: #000000;\">Omdat de Jezu\u00efetenorde in de VS alleen al de controle heeft over <span style=\"color: #333399;\"><a style=\"color: #333399;\" href=\"https:\/\/en.wikipedia.org\/wiki\/Association_of_Jesuit_Colleges_and_Universities\">28 grote universiteiten<\/a><\/span>, de CFR en veel banken zoals Bank of America en het Federal Reserve System (FED) is zij in staat om een grote invloed uit te oefenen op de politieke en economische\u00a0besluitvorming in de wereld.<\/span><\/p>\n<p><span style=\"color: #000000;\">De huidige Argentijnse Paus <a style=\"color: #000000;\" href=\"https:\/\/nl.wikipedia.org\/wiki\/Paus_Franciscus\">Franciscus<\/a> is een Jezu\u00efet. Elke Katholiek is trots op de Jezu\u00efeten en kinderen die door de paters verkracht worden uit Katholieke gezinnen krijgen nog een schop na van hun ouders als ze er over praten.<\/span><\/p>\n","protected":false},"excerpt":{"rendered":"<p>De Jezu\u00efeten sturen het Vaticaan en de Rooms-katholieke Kerk aan via de generaal-overste van de Jezu\u00efeten. Tot 2008 bekleedde de Nederlander Peter-Hans Kolvenbach die functie. Het Vaticaan is de \u2018spirituele <a href=\"https:\/\/www.levensreis.nl\/index.php\/jezuietenorde\/\" class=\"more-link\">[&hellip;]<\/a><\/p>\n","protected":false},"author":3,"featured_media":0,"parent":0,"menu_order":0,"comment_status":"closed","ping_status":"closed","template":"","meta":{"Layout":"","footnotes":""},"class_list":["entry","author-pascal","post-2467","page","type-page","status-publish"],"post_mailing_queue_ids":[],"_links":{"self":[{"href":"https:\/\/www.levensreis.nl\/index.php\/wp-json\/wp\/v2\/pages\/2467","targetHints":{"allow":["GET"]}}],"collection":[{"href":"https:\/\/www.levensreis.nl\/index.php\/wp-json\/wp\/v2\/pages"}],"about":[{"href":"https:\/\/www.levensreis.nl\/index.php\/wp-json\/wp\/v2\/types\/page"}],"author":[{"embeddable":true,"href":"https:\/\/www.levensreis.nl\/index.php\/wp-json\/wp\/v2\/users\/3"}],"replies":[{"embeddable":true,"href":"https:\/\/www.levensreis.nl\/index.php\/wp-json\/wp\/v2\/comments?post=2467"}],"version-history":[{"count":3,"href":"https:\/\/www.levensreis.nl\/index.php\/wp-json\/wp\/v2\/pages\/2467\/revisions"}],"predecessor-version":[{"id":10860,"href":"https:\/\/www.levensreis.nl\/index.php\/wp-json\/wp\/v2\/pages\/2467\/revisions\/10860"}],"wp:attachment":[{"href":"https:\/\/www.levensreis.nl\/index.php\/wp-json\/wp\/v2\/media?parent=2467"}],"curies":[{"name":"wp","href":"https:\/\/api.w.org\/{rel}","templated":true}]}}